{"id":5,"date":"2015-12-14T04:09:47","date_gmt":"2015-12-14T04:09:47","guid":{"rendered":"http:\/\/theme-fusion.com\/avada\/medical\/?page_id=5"},"modified":"2022-12-27T12:42:31","modified_gmt":"2022-12-27T12:42:31","slug":"home","status":"publish","type":"page","link":"http:\/\/das-gesundhaus.de\/","title":{"rendered":"Home"},"content":{"rendered":"<p><div class=\"fusion-bg-parallax\"  data-bg-align=\"center center\" data-direction=\"up\" data-mute=\"false\" data-opacity=\"100\" data-velocity=\"-0.4\" data-mobile-enabled=\"false\" data-break_parents=\"0\" data-bg-image=\"http:\/\/das-gesundhaus.de\/wp-content\/uploads\/2019\/06\/Franz-Fassade.jpg\" data-bg-repeat=\"false\" data-bg-color=\"rgba(255,255,255,0)\" data-bg-height=\"\" data-bg-width=\"\"><\/div><div class=\"fusion-fullwidth fullwidth-box fusion-parallax-up nonhundred-percent-fullwidth non-hundred-percent-height-scrolling\"  style='background-color: rgba(255,255,255,0);background-image: url(\"http:\/\/das-gesundhaus.de\/wp-content\/uploads\/2019\/06\/Franz-Fassade.jpg\");background-position: center center;background-repeat: no-repeat;padding-top:14%;padding-right:5%;padding-bottom:14%;padding-left:5%;border-top-width:0px;border-bottom-width:0px;border-color:#eae9e9;border-top-style:solid;border-bottom-style:solid;-webkit-background-size:cover;-moz-background-size:cover;-o-background-size:cover;background-size:cover;'><div class=\"fusion-builder-row fusion-row \"><div  data-animationType=fadeInUp data-animationDuration=0.2 data-animationOffset=100% class=\"fusion-layout-column fusion_builder_column fusion_builder_column_1_3 fusion-builder-column-1 fusion-one-third fusion-column-first fusion-blend-mode fusion-no-small-visibility fusion-animated 1_3\"  style='margin-top:0px;margin-bottom:30px;width:30.6666%; margin-right: 4%;'>\n\t\t\t\t\t<div class=\"fusion-column-wrapper\" style=\"background-color:rgba(158,32,130,0.58);padding: 9% 7% 9% 7%;background-position:left top;background-repeat:no-repeat;-webkit-background-size:cover;-moz-background-size:cover;-o-background-size:cover;background-size:cover;\"   data-bg-url=\"\">\n\t\t\t\t\t\t<div class=\"fusion-title title fusion-title-1 fusion-sep-none fusion-title-center fusion-title-size-three\" style=\"margin-top:0px;margin-bottom:0px;\"><h3 class=\"title-heading-center\" style=\"margin:0;\"><span style=\"color: #ffffff;\"><i class=\"fa fa-clock-o\"><\/i> PRAXISZEITEN<\/span><\/h3><\/div><div class=\"fusion-sep-clear\"><\/div><div class=\"fusion-separator fusion-full-width-sep sep-single sep-solid\" style=\"border-color:#ffffff;border-top-width:4px;margin-left: auto;margin-right: auto;margin-top:5px;margin-bottom:25px;\"><\/div><div class=\"fusion-text\"><div class=\"table-2\">\n<table width=\"100%\">\n<tbody>\n<tr>\n<td style=\"text-align: left;\"><span style=\"color: #ffffff;\"><strong>Montag &#8211; Freitag<\/strong><\/span><\/td>\n<td style=\"text-align: right;\"><span style=\"color: #ffffff;\"><strong>8:00 &#8211; 17:00<\/strong><\/span><\/td>\n<\/tr>\n<tr>\n<td style=\"text-align: left;\"><span style=\"color: #ffffff;\"><strong>Samstag<\/strong><\/span><\/td>\n<td style=\"text-align: right;\"><span style=\"color: #ffffff;\"><span style=\"caret-color: #ffffff;\"><b>nur n. V.<\/b><\/span><\/span><\/td>\n<\/tr>\n<\/tbody>\n<\/table>\n<\/div>\n<\/div><div class=\"fusion-sep-clear\"><\/div><div class=\"fusion-separator fusion-full-width-sep sep-none\" style=\"margin-left: auto;margin-right: auto;margin-top:10px;margin-bottom:10px;\"><\/div><div class=\"fusion-title title fusion-title-2 fusion-sep-none fusion-title-center fusion-title-size-three\" style=\"margin-top:0px;margin-bottom:0px;\"><h3 class=\"title-heading-center\" style=\"margin:0;\"><span style=\"color: #ffffff;\"><i class=\"fa fa-phone\"><\/i> 08807 &#8211; 27 59 484<\/span><\/h3><\/div><div class=\"fusion-title title fusion-title-3 fusion-sep-none fusion-title-center fusion-title-size-three\" style=\"margin-top:0px;margin-bottom:0px;\"><h3 class=\"title-heading-center\" style=\"margin:0;\"><span style=\"color: #ffffff;\"><i class=\"fa fa-envelope\"><\/i> praxis@arsmedicus.com<\/span><\/h3><\/div><div class=\"fusion-clearfix\"><\/div>\n\n\t\t\t\t\t<\/div>\n\t\t\t\t<\/div><div  class=\"fusion-layout-column fusion_builder_column fusion_builder_column_2_3 fusion-builder-column-2 fusion-two-third fusion-column-last 2_3\"  style='margin-top:0px;margin-bottom:30px;width:65.3333%'>\n\t\t\t\t\t<div class=\"fusion-column-wrapper\" style=\"padding: 0px 0px 0px 0px;background-position:left top;background-repeat:no-repeat;-webkit-background-size:cover;-moz-background-size:cover;-o-background-size:cover;background-size:cover;\"   data-bg-url=\"\">\n\t\t\t\t\t\t<div class=\"fusion-sep-clear\"><\/div><div class=\"fusion-separator fusion-full-width-sep sep-none\" style=\"margin-left: auto;margin-right: auto;margin-top:15px;margin-bottom:10px;\"><\/div><div class=\"fusion-clearfix\"><\/div>\n\n\t\t\t\t\t<\/div>\n\t\t\t\t<\/div><\/div><\/div><div class=\"fusion-fullwidth fullwidth-box nonhundred-percent-fullwidth non-hundred-percent-height-scrolling\"  style='background-color: #9e2082;background-position: center center;background-repeat: no-repeat;padding-top:0px;padding-right:0px;padding-bottom:0px;padding-left:0px;'><div class=\"fusion-builder-row fusion-row \"><div  class=\"fusion-layout-column fusion_builder_column fusion_builder_column_1_1 fusion-builder-column-3 fusion-one-full fusion-column-first fusion-column-last 1_1\"  style='margin-top:0px;margin-bottom:30px;'>\n\t\t\t\t\t<div class=\"fusion-column-wrapper\" style=\"padding: 0px 0px 0px 0px;background-position:left top;background-repeat:no-repeat;-webkit-background-size:cover;-moz-background-size:cover;-o-background-size:cover;background-size:cover;\"   data-bg-url=\"\">\n\t\t\t\t\t\t<div class=\"fusion-sep-clear\"><\/div><div class=\"fusion-separator fusion-full-width-sep sep-none\" style=\"margin-left: auto;margin-right: auto;margin-top:15px;margin-bottom:20px;\"><\/div><div class=\"fusion-text\"><h2 style=\"text-align: center;\"><span style=\"color: #ffffff;\">Das ganzheitliche<\/span> <span style=\"color: #ffffff;\">Gesundheitskonzept in Die\u00dfen<\/span><\/h2>\n<\/div><div class=\"fusion-clearfix\"><\/div>\n\n\t\t\t\t\t<\/div>\n\t\t\t\t<\/div><\/div><\/div><div class=\"fusion-fullwidth fullwidth-box nonhundred-percent-fullwidth non-hundred-percent-height-scrolling\"  style='background-color: rgba(255,255,255,0);background-position: left top;background-repeat: no-repeat;padding-top:100px;padding-right:0px;padding-bottom:100px;padding-left:0px;border-top-width:0px;border-bottom-width:0px;border-color:#eae9e9;border-top-style:solid;border-bottom-style:solid;'><div class=\"fusion-builder-row fusion-row \"><div  class=\"fusion-layout-column fusion_builder_column fusion_builder_column_1_6 fusion-builder-column-4 fusion-one-sixth fusion-column-first fusion-no-small-visibility 1_6\"  style='margin-top:0px;margin-bottom:30px;width:13.3333%; margin-right: 4%;'>\n\t\t\t\t\t<div class=\"fusion-column-wrapper\" style=\"padding: 0px 0px 0px 0px;background-position:left top;background-repeat:no-repeat;-webkit-background-size:cover;-moz-background-size:cover;-o-background-size:cover;background-size:cover;\"   data-bg-url=\"\">\n\t\t\t\t\t\t<div class=\"fusion-clearfix\"><\/div>\n\n\t\t\t\t\t<\/div>\n\t\t\t\t<\/div><div  class=\"fusion-layout-column fusion_builder_column fusion_builder_column_2_3 fusion-builder-column-5 fusion-two-third 2_3\"  style='margin-top:0px;margin-bottom:30px;width:65.3333%; margin-right: 4%;'>\n\t\t\t\t\t<div class=\"fusion-column-wrapper\" style=\"padding: 0px 0px 0px 0px;background-position:left top;background-repeat:no-repeat;-webkit-background-size:cover;-moz-background-size:cover;-o-background-size:cover;background-size:cover;\"   data-bg-url=\"\">\n\t\t\t\t\t\t<div class=\"fusion-text\"><h2 style=\"text-align: center;\">Willkommen in unserem Gesundhaus!<\/h2>\n<\/div><div class=\"fusion-text\"><p>Im Rahmen unserer ergotherapeutischen ganzheitlichen Arbeit bildete sich ein grundlegend neues Konzept f\u00fcr unsere Praxis heraus: das Gesundhaus.<\/p>\n<p>Die Idee f\u00fcr ein Gesundhaus entstand aus der Erkenntnis,dass die Erfolge der Neurofeedback-Therapie (Ergotherapie) in den Alltag integriert werden sollten, was dem Patienten erm\u00f6glicht, sein eigenes Potential zu leben.<\/p>\n<p>Gesundheit entsteht jedoch auf vielen Ebenen. Wir unterst\u00fctzen den psychischen Teil mit Neurofeedback und den k\u00f6rperlichen Teil durch Gesundheitscoaching mit Vitalstoffen, Messen von Mineralien, Spurenelementen sowie toxischen Schwermetallen und den sozialen Teil durch Coaching und Seminare. In der Gegenwart unterst\u00fctzen wir Ihre Visionen und W\u00fcnsche f\u00fcr Ihre Zukunft.\u00a0Zur\u00fcck zur Gesundheit gelangen wir nur unter Einbeziehung aller dieser Ebenen, was einem ganzheitlichen Prozess entspricht.<\/p>\n<\/div><div class=\"fusion-clearfix\"><\/div>\n\n\t\t\t\t\t<\/div>\n\t\t\t\t<\/div><div  class=\"fusion-layout-column fusion_builder_column fusion_builder_column_1_6 fusion-builder-column-6 fusion-one-sixth fusion-column-last fusion-no-small-visibility 1_6\"  style='margin-top:0px;margin-bottom:30px;width:13.3333%'>\n\t\t\t\t\t<div class=\"fusion-column-wrapper\" style=\"padding: 0px 0px 0px 0px;background-position:left top;background-repeat:no-repeat;-webkit-background-size:cover;-moz-background-size:cover;-o-background-size:cover;background-size:cover;\"   data-bg-url=\"\">\n\t\t\t\t\t\t<div class=\"fusion-clearfix\"><\/div>\n\n\t\t\t\t\t<\/div>\n\t\t\t\t<\/div><div  class=\"fusion-layout-column fusion_builder_column fusion_builder_column_1_1 fusion-builder-column-7 fusion-one-full fusion-column-first fusion-column-last fusion-column-no-min-height 1_1\"  style='margin-top:0px;margin-bottom:0px;'>\n\t\t\t\t\t<div class=\"fusion-column-wrapper\" style=\"padding: 0px 0px 0px 0px;background-position:left top;background-repeat:no-repeat;-webkit-background-size:cover;-moz-background-size:cover;-o-background-size:cover;background-size:cover;\"   data-bg-url=\"\">\n\t\t\t\t\t\t<div class=\"fusion-sep-clear\"><\/div><div class=\"fusion-separator fusion-full-width-sep sep-none\" style=\"margin-left: auto;margin-right: auto;margin-top:5px;margin-bottom:5px;\"><\/div><div class=\"fusion-clearfix\"><\/div>\n\n\t\t\t\t\t<\/div>\n\t\t\t\t<\/div><\/div><\/div><div class=\"fusion-fullwidth fullwidth-box hundred-percent-fullwidth non-hundred-percent-height-scrolling fusion-equal-height-columns\"  style='background-color: rgba(255,255,255,0);background-position: left top;background-repeat: no-repeat;border-top-width:0px;border-bottom-width:0px;border-color:#eae9e9;border-top-style:solid;border-bottom-style:solid;'><div class=\"fusion-builder-row fusion-row \"><div  class=\"fusion-layout-column fusion_builder_column fusion_builder_column_1_3 fusion-builder-column-8 fusion-one-third fusion-column-first fusion-blend-mode 1_3\"  style='margin-top:0px;margin-bottom:0px;'>\n\t\t\t\t\t<div class=\"fusion-column-wrapper\" style=\"background-color:#0096d4;padding: 8% 6% 10% 6%;background-position:center center;background-repeat:no-repeat;-webkit-background-size:cover;-moz-background-size:cover;-o-background-size:cover;background-size:cover;\"   data-bg-url=\"\">\n\t\t\t\t\t\t<div class=\"fusion-column-content-centered\"><div class=\"fusion-column-content\"><div class=\"fusion-text\"><h3 style=\"text-align: center; font-weight: 400; color: #fff;\">Arsmedicus<\/h3>\n<\/div><div class=\"fusion-text\"><p style=\"text-align: center; color: #fff;\">Die Ergotherapiepraxis mit Schwerpunkt Neurofeedback.<\/p>\n<\/div><div class=\"fusion-sep-clear\"><\/div><div class=\"fusion-separator fusion-full-width-sep sep-none\" style=\"margin-left: auto;margin-right: auto;margin-top:30px;\"><\/div><div class=\"fusion-button-wrapper fusion-aligncenter\"><style type=\"text\/css\" scoped=\"scoped\">.fusion-button.button-1 .fusion-button-text, .fusion-button.button-1 i {color:#ffffff;}.fusion-button.button-1 {border-width:2px;border-color:#ffffff;}.fusion-button.button-1 .fusion-button-icon-divider{border-color:#ffffff;}.fusion-button.button-1:hover .fusion-button-text, .fusion-button.button-1:hover i,.fusion-button.button-1:focus .fusion-button-text, .fusion-button.button-1:focus i,.fusion-button.button-1:active .fusion-button-text, .fusion-button.button-1:active{color:#3bafbf;}.fusion-button.button-1:hover, .fusion-button.button-1:focus, .fusion-button.button-1:active{border-width:2px;border-color:#3bafbf;}.fusion-button.button-1:hover .fusion-button-icon-divider, .fusion-button.button-1:hover .fusion-button-icon-divider, .fusion-button.button-1:active .fusion-button-icon-divider{border-color:#3bafbf;}.fusion-button.button-1{background: ghost;}.fusion-button.button-1:hover,.button-1:focus,.fusion-button.button-1:active{background: #ffffff;}.fusion-button.button-1{width:auto;}<\/style><a class=\"fusion-button button-flat fusion-button-square button-large button-custom button-1\" target=\"_self\" href=\"http:\/\/arsmedicus.com\"><span class=\"fusion-button-text\">MEHR ERFAHREN<\/span><\/a><\/div><\/div><\/div><div class=\"fusion-clearfix\"><\/div>\n\n\t\t\t\t\t<\/div>\n\t\t\t\t<\/div><div  class=\"fusion-layout-column fusion_builder_column fusion_builder_column_1_3 fusion-builder-column-9 fusion-one-third fusion-blend-mode 1_3\"  style='margin-top:0px;margin-bottom:0px;'>\n\t\t\t\t\t<div class=\"fusion-column-wrapper\" style=\"background-color:#ffc107;padding: 8% 6% 10% 6%;background-position:center center;background-repeat:no-repeat;-webkit-background-size:cover;-moz-background-size:cover;-o-background-size:cover;background-size:cover;\"   data-bg-url=\"\">\n\t\t\t\t\t\t<div class=\"fusion-column-content-centered\"><div class=\"fusion-column-content\"><div class=\"fusion-text\"><h3 style=\"text-align: center; font-weight: 400; color: #4e4544;\">Leben in Resonanz<\/h3>\n<\/div><div class=\"fusion-text\"><p style=\"text-align: center; color: #4e4544;\">Pers\u00f6nlichkeitsseminare,<br \/>\nCoachings<\/p>\n<\/div><div class=\"fusion-sep-clear\"><\/div><div class=\"fusion-separator fusion-full-width-sep sep-none\" style=\"margin-left: auto;margin-right: auto;margin-top:30px;\"><\/div><div class=\"fusion-button-wrapper fusion-aligncenter\"><style type=\"text\/css\" scoped=\"scoped\">.fusion-button.button-2 .fusion-button-text, .fusion-button.button-2 i {color:#4e4544;}.fusion-button.button-2 {border-width:2px;border-color:#4e4544;}.fusion-button.button-2 .fusion-button-icon-divider{border-color:#4e4544;}.fusion-button.button-2:hover .fusion-button-text, .fusion-button.button-2:hover i,.fusion-button.button-2:focus .fusion-button-text, .fusion-button.button-2:focus i,.fusion-button.button-2:active .fusion-button-text, .fusion-button.button-2:active{color:#3697c3;}.fusion-button.button-2:hover, .fusion-button.button-2:focus, .fusion-button.button-2:active{border-width:2px;border-color:#3697c3;}.fusion-button.button-2:hover .fusion-button-icon-divider, .fusion-button.button-2:hover .fusion-button-icon-divider, .fusion-button.button-2:active .fusion-button-icon-divider{border-color:#3697c3;}.fusion-button.button-2{background: ghost;}.fusion-button.button-2:hover,.button-2:focus,.fusion-button.button-2:active{background: #ffffff;}.fusion-button.button-2{width:auto;}<\/style><a class=\"fusion-button button-flat fusion-button-square button-large button-custom button-2\" target=\"_self\" href=\"http:\/\/das-gesundhaus.de\/?page_id=851\"><span class=\"fusion-button-text\">MEHR ERFAHREN<\/span><\/a><\/div><\/div><\/div><div class=\"fusion-clearfix\"><\/div>\n\n\t\t\t\t\t<\/div>\n\t\t\t\t<\/div><div  class=\"fusion-layout-column fusion_builder_column fusion_builder_column_1_3 fusion-builder-column-10 fusion-one-third fusion-column-last fusion-blend-mode 1_3\"  style='margin-top:0px;margin-bottom:0px;'>\n\t\t\t\t\t<div class=\"fusion-column-wrapper\" style=\"background-color:#d7ead7;padding: 8% 6% 10% 6%;background-position:center center;background-repeat:no-repeat;-webkit-background-size:cover;-moz-background-size:cover;-o-background-size:cover;background-size:cover;\"   data-bg-url=\"\">\n\t\t\t\t\t\t<div class=\"fusion-column-content-centered\"><div class=\"fusion-column-content\"><div class=\"fusion-text\"><h3 style=\"text-align: center; font-weight: 400; color: #4e4544;\">Gesundes Die\u00dfen<\/h3>\n<\/div><div class=\"fusion-text\"><p style=\"text-align: center; color: #4e4544;\">Ganzheitliche<br \/>\nErn\u00e4hrungsberatung<\/p>\n<\/div><div class=\"fusion-sep-clear\"><\/div><div class=\"fusion-separator fusion-full-width-sep sep-none\" style=\"margin-left: auto;margin-right: auto;margin-top:30px;\"><\/div><div class=\"fusion-button-wrapper fusion-aligncenter\"><style type=\"text\/css\" scoped=\"scoped\">.fusion-button.button-3 .fusion-button-text, .fusion-button.button-3 i {color:#4e4544;}.fusion-button.button-3 {border-width:2px;border-color:#4e4544;}.fusion-button.button-3 .fusion-button-icon-divider{border-color:#4e4544;}.fusion-button.button-3:hover .fusion-button-text, .fusion-button.button-3:hover i,.fusion-button.button-3:focus .fusion-button-text, .fusion-button.button-3:focus i,.fusion-button.button-3:active .fusion-button-text, .fusion-button.button-3:active{color:#327ec7;}.fusion-button.button-3:hover, .fusion-button.button-3:focus, .fusion-button.button-3:active{border-width:2px;border-color:#327ec7;}.fusion-button.button-3:hover .fusion-button-icon-divider, .fusion-button.button-3:hover .fusion-button-icon-divider, .fusion-button.button-3:active .fusion-button-icon-divider{border-color:#327ec7;}.fusion-button.button-3{background: ghost;}.fusion-button.button-3:hover,.button-3:focus,.fusion-button.button-3:active{background: #ffffff;}.fusion-button.button-3{width:auto;}<\/style><a class=\"fusion-button button-flat fusion-button-square button-large button-custom button-3\" target=\"_self\" href=\"http:\/\/das-gesundhaus.de\/?page_id=849\"><span class=\"fusion-button-text\">MEHR ERFAHREN<\/span><\/a><\/div><\/div><\/div><div class=\"fusion-clearfix\"><\/div>\n\n\t\t\t\t\t<\/div>\n\t\t\t\t<\/div><\/div><\/div><div class=\"fusion-fullwidth fullwidth-box nonhundred-percent-fullwidth non-hundred-percent-height-scrolling\"  style='background-color: #f7f7f7;background-position: left top;background-repeat: no-repeat;padding-top:100px;padding-right:0px;padding-bottom:100px;padding-left:0px;border-top-width:0px;border-bottom-width:0px;border-color:#eae9e9;border-top-style:solid;border-bottom-style:solid;'><div class=\"fusion-builder-row fusion-row \"><div  class=\"fusion-layout-column fusion_builder_column fusion_builder_column_1_3 fusion-builder-column-11 fusion-one-third fusion-column-first 1_3\"  style='margin-top:0px;margin-bottom:30px;width:30.6666%; margin-right: 4%;'>\n\t\t\t\t\t<div class=\"fusion-column-wrapper\" style=\"padding: 0px 0px 0px 0px;background-position:left top;background-repeat:no-repeat;-webkit-background-size:cover;-moz-background-size:cover;-o-background-size:cover;background-size:cover;\"   data-bg-url=\"\">\n\t\t\t\t\t\t<div class=\"fusion-person person fusion-person-left fusion-person-1 fusion-person-icon-bottom\"><style scoped=\"scoped\">.fusion-person-1 .imageframe-liftup:before{-webkit-border-radius:0px;-moz-border-radius:0px;border-radius:0px;<\/style><div class=\"person-shortcode-image-wrapper imageframe-liftup\"><div class=\"person-image-container person-rounded-overflow\" style=\"-webkit-border-radius:0px;-moz-border-radius:0px;border-radius:0px;border:0px solid #f6f6f6;-webkit-border-radius:0px;-moz-border-radius:0px;border-radius:0px;\"><img decoding=\"async\" loading=\"lazy\" class=\"person-img img-responsive wp-image-916\" width=\"359\" height=\"370\" src=\"http:\/\/das-gesundhaus.de\/wp-content\/uploads\/2019\/06\/Portrait-Franz.jpg\" alt=\"Franz Lochner\" srcset=\"http:\/\/das-gesundhaus.de\/wp-content\/uploads\/2019\/06\/Portrait-Franz-200x206.jpg 200w, http:\/\/das-gesundhaus.de\/wp-content\/uploads\/2019\/06\/Portrait-Franz.jpg 359w\" sizes=\"(max-width: 800px) 100vw, 359px\" \/><\/div><\/div><div class=\"person-desc\" style=\"background-color:#ffffff;padding:40px;margin-top:0;\"><div class=\"person-author\"><div class=\"person-author-wrapper\"><span class=\"person-name\">Franz Lochner<\/span><span class=\"person-title\"><\/span><\/div><\/div><div class=\"person-content fusion-clearfix\">Ergotherapeut<br \/>\nsect. Heilpraktiker<br \/>\nZukunfts-, Visions- und Mentalchoach<\/div><\/div><\/div><div class=\"fusion-clearfix\"><\/div>\n\n\t\t\t\t\t<\/div>\n\t\t\t\t<\/div><div  class=\"fusion-layout-column fusion_builder_column fusion_builder_column_2_3 fusion-builder-column-12 fusion-two-third fusion-column-last 2_3\"  style='margin-top:0px;margin-bottom:30px;width:65.3333%'>\n\t\t\t\t\t<div class=\"fusion-column-wrapper\" style=\"padding: 0px 0px 0px 0px;background-position:left top;background-repeat:no-repeat;-webkit-background-size:cover;-moz-background-size:cover;-o-background-size:cover;background-size:cover;\"   data-bg-url=\"\">\n\t\t\t\t\t\t<div class=\"fusion-text\"><p>Aus aktuellem Anlass begann ich mit 42 Jahren dar\u00fcber nachzudenken, ob das, was ich gerade tue, wie ich mein Leben lebe, eigentlich mein Leben ist. Ich war st\u00e4ndig krank, ohne dass die Medizin eine Ursache daf\u00fcr finden konnte. Ich f\u00fchlte mich h\u00e4ufig missverstanden und eigentlich perspektivlos. Ein einschneidendes Ereignis an meiner Arbeitsstelle nahm ich zum Anlass, mich aus meiner T\u00e4tigkeit als Graphikdesigner zur\u00fcck zu ziehen, mir eine Auszeit zu nehmen und \u00fcber mein weiteres Leben nachzudenken. Ich habe mich in einigem ausprobiert und bin zu der \u00dcberzeugung gekommen, mein Leben hat eine grundlegende Ver\u00e4nderung n\u00f6tig. Ich begann, mich den Menschen zuzuwenden, die meiner Hilfe und Unterst\u00fctzung bedurften. Daraus folgte der Entschluss, eine kunsttherapeutische Ausbildung zu absolvieren. Parallel dazu arbeitete ich in einem Kindergarten und anschlie\u00dfend in einer Drogeneinrichtung. Nach der Ausbildung zum Kunsttherapeuten war ich mir sicher, dass ich auf dem absolut richtigen Weg bin, so folgte konsequent noch eine Ausbildung zum Ergotherapeuten. Danach war ich einige Jahre in der Sozialtpsychiatrie t\u00e4tig. Jetzt war ich reif, meine therapeutischen Visionen in eigener Praxis zu verwirklichen, was mir die M\u00f6glichkeit gab, mich in vielen Bereichen weiterzubilden und diese Ans\u00e4tze in meine therapeutische Arbeit zu integriert.<\/p>\n<p>Heute kann ich sagen, ich bin einen erfolgreichen Weg gegangen und gehe ihn neugierig weiter. Und das zusammen mit meiner Frau in einer in Diessen am Ammersee er\u00f6ffneten \u201eOpen-end-Rentnerpraxis\u201c.<\/p>\n<p>Wie wir wissen, bedeutet Leben, unterwegs zu sein, nicht m\u00f6glichst schnell irgendwo anzukommen.<\/p>\n<\/div><div class=\"fusion-sep-clear\"><\/div><div class=\"fusion-separator fusion-full-width-sep sep-none\" style=\"margin-left: auto;margin-right: auto;margin-top:30px;\"><\/div><div class=\"fusion-clearfix\"><\/div>\n\n\t\t\t\t\t<\/div>\n\t\t\t\t<\/div><\/div><\/div><\/p>\n","protected":false},"excerpt":{"rendered":"","protected":false},"author":1,"featured_media":0,"parent":0,"menu_order":0,"comment_status":"closed","ping_status":"closed","template":"100-width.php","meta":[],"_links":{"self":[{"href":"http:\/\/das-gesundhaus.de\/index.php?rest_route=\/wp\/v2\/pages\/5"}],"collection":[{"href":"http:\/\/das-gesundhaus.de\/index.php?rest_route=\/wp\/v2\/pages"}],"about":[{"href":"http:\/\/das-gesundhaus.de\/index.php?rest_route=\/wp\/v2\/types\/page"}],"author":[{"embeddable":true,"href":"http:\/\/das-gesundhaus.de\/index.php?rest_route=\/wp\/v2\/users\/1"}],"replies":[{"embeddable":true,"href":"http:\/\/das-gesundhaus.de\/index.php?rest_route=%2Fwp%2Fv2%2Fcomments&post=5"}],"version-history":[{"count":71,"href":"http:\/\/das-gesundhaus.de\/index.php?rest_route=\/wp\/v2\/pages\/5\/revisions"}],"predecessor-version":[{"id":1204,"href":"http:\/\/das-gesundhaus.de\/index.php?rest_route=\/wp\/v2\/pages\/5\/revisions\/1204"}],"wp:attachment":[{"href":"http:\/\/das-gesundhaus.de\/index.php?rest_route=%2Fwp%2Fv2%2Fmedia&parent=5"}],"curies":[{"name":"wp","href":"https:\/\/api.w.org\/{rel}","templated":true}]}}